{"id":4759,"date":"2024-11-08T16:10:16","date_gmt":"2024-11-08T16:10:16","guid":{"rendered":"https:\/\/test.bekonomike.com\/%d0%bb%d0%b8%d0%b7%d0%b8%d0%bd%d0%b3\/car-leasing\/"},"modified":"2025-05-28T09:58:20","modified_gmt":"2025-05-28T09:58:20","slug":"zakup-automobila","status":"publish","type":"page","link":"https:\/\/test.bekonomike.com\/sr\/zakup\/zakup-automobila\/","title":{"rendered":"Zakup automobila"},"content":{"rendered":"<p><strong>Ostvarite svoje snove \u2013 vozite automobil koji volite.<\/strong> Nudimo finansiranje za nova i polovna vozila, uz najbolje uslove na tr\u017ei\u0161tu.<\/p>\n<h3>Uslovi:<\/h3>\n<ul>\n<li>U\u010de\u0161\u0107e klijenta po\u010dinje od 15%<\/li>\n<li>Maksimalni period finansiranja do 72 meseca<\/li>\n<\/ul>\n<h3>Segmenti koji se finansiraju:<\/h3>\n<ul>\n<li>Fizi\u010dka lica<\/li>\n<li>Preduze\u0107a (MSP)<\/li>\n<li>Korporacije (velika preduze\u0107a)<\/li>\n<\/ul>\n<h3>Potrebna dokumentacija za apliciranje<\/h3>\n<h4>Segment fizi\u010dkih lica:<\/h4>\n<ul>\n<li>Profaktura izdata od strane prodavca na ime Banka Ekonomike<\/li>\n<li>Identifikaciona dokumenta<\/li>\n<li>Ugovor o radu<\/li>\n<li>Izvod sa ra\u010duna za poslednjih 6 meseci<\/li>\n<li>Bankarska aplikacija za finansiranje putem lizinga<\/li>\n<\/ul>\n<h4>Segmenti preduze\u0107a i korporacija (pravna lica):<\/h4>\n<ul>\n<li>Profaktura izdata od strane prodavca na ime Banka Ekonomike<\/li>\n<li>Pravna dokumentacija<\/li>\n<li>Bankarska aplikacija za finansiranje putem lizinga<\/li>\n<li>Finansijska dokumentacija<\/li>\n<\/ul>\n","protected":false},"excerpt":{"rendered":"<p>Ostvarite svoje snove \u2013 vozite automobil koji volite. Nudimo finansiranje za nova i polovna vozila, uz najbolje uslove na tr\u017ei\u0161tu. Uslovi: U\u010de\u0161\u0107e klijenta po\u010dinje od 15% Maksimalni period finansiranja do 72 meseca Segmenti koji se finansiraju: Fizi\u010dka lica Preduze\u0107a (MSP) Korporacije (velika preduze\u0107a) Potrebna dokumentacija za apliciranje Segment fizi\u010dkih lica: Profaktura izdata od strane prodavca [&hellip;]<\/p>\n","protected":false},"author":1,"featured_media":4761,"parent":3633,"menu_order":0,"comment_status":"closed","ping_status":"closed","template":"grandchild-default-template-v3.php","meta":{"_acf_changed":false,"footnotes":""},"class_list":["post-4759","page","type-page","status-publish","has-post-thumbnail","hentry"],"acf":[],"_links":{"self":[{"href":"https:\/\/test.bekonomike.com\/sr\/wp-json\/wp\/v2\/pages\/4759","targetHints":{"allow":["GET"]}}],"collection":[{"href":"https:\/\/test.bekonomike.com\/sr\/wp-json\/wp\/v2\/pages"}],"about":[{"href":"https:\/\/test.bekonomike.com\/sr\/wp-json\/wp\/v2\/types\/page"}],"author":[{"embeddable":true,"href":"https:\/\/test.bekonomike.com\/sr\/wp-json\/wp\/v2\/users\/1"}],"replies":[{"embeddable":true,"href":"https:\/\/test.bekonomike.com\/sr\/wp-json\/wp\/v2\/comments?post=4759"}],"version-history":[{"count":5,"href":"https:\/\/test.bekonomike.com\/sr\/wp-json\/wp\/v2\/pages\/4759\/revisions"}],"predecessor-version":[{"id":6869,"href":"https:\/\/test.bekonomike.com\/sr\/wp-json\/wp\/v2\/pages\/4759\/revisions\/6869"}],"up":[{"embeddable":true,"href":"https:\/\/test.bekonomike.com\/sr\/wp-json\/wp\/v2\/pages\/3633"}],"wp:featuredmedia":[{"embeddable":true,"href":"https:\/\/test.bekonomike.com\/sr\/wp-json\/wp\/v2\/media\/4761"}],"wp:attachment":[{"href":"https:\/\/test.bekonomike.com\/sr\/wp-json\/wp\/v2\/media?parent=4759"}],"curies":[{"name":"wp","href":"https:\/\/api.w.org\/{rel}","templated":true}]}}