{"id":4774,"date":"2024-11-08T16:32:31","date_gmt":"2024-11-08T16:32:31","guid":{"rendered":"https:\/\/test.bekonomike.com\/%d0%bb%d0%b8%d0%b7%d0%b8%d0%bd%d0%b3\/equipment-and-machinery\/"},"modified":"2025-05-02T13:58:58","modified_gmt":"2025-05-02T13:58:58","slug":"oprema-i-masine","status":"publish","type":"page","link":"https:\/\/test.bekonomike.com\/sr\/zakup\/oprema-i-masine\/","title":{"rendered":"Oprema i ma\u0161ine"},"content":{"rendered":"<p><strong>Planirate li pro\u0161irenje proizvodnih ili radnih kapaciteta u va\u0161em poslovanju? Nudimo vam finansiranje za proizvodne linije, ma\u0161ine i drugu opremu.<\/strong><\/p>\n<h3>Uslovi:<\/h3>\n<ul>\n<li>U\u010de\u0161\u0107e klijenta po\u010dinje od 20%<\/li>\n<li>Maksimalni period finansiranja do 144 meseca<\/li>\n<\/ul>\n<h3>Segmenti koji se finansiraju:<\/h3>\n<ul>\n<li>Preduze\u0107a (MSP)<\/li>\n<li>Korporacije (velika preduze\u0107a)<\/li>\n<\/ul>\n<h3>Potrebna dokumentacija za apliciranje<\/h3>\n<h4>Segment preduze\u0107a i korporacija (pravna lica):<\/h4>\n<ul>\n<li>Profaktura izdata od strane prodavca na ime Banka Ekonomike \u2013 koja uklju\u010duje ponu\u0111enu cenu i podatke o izabranom sredstvu<\/li>\n<li>Pravna dokumentacija<\/li>\n<li>Bankarska aplikacija za finansiranje putem lizinga<\/li>\n<li>Finansijska dokumentacija<\/li>\n<\/ul>\n","protected":false},"excerpt":{"rendered":"<p>Planirate li pro\u0161irenje proizvodnih ili radnih kapaciteta u va\u0161em poslovanju? Nudimo vam finansiranje za proizvodne linije, ma\u0161ine i drugu opremu. Uslovi: U\u010de\u0161\u0107e klijenta po\u010dinje od 20% Maksimalni period finansiranja do 144 meseca Segmenti koji se finansiraju: Preduze\u0107a (MSP) Korporacije (velika preduze\u0107a) Potrebna dokumentacija za apliciranje Segment preduze\u0107a i korporacija (pravna lica): Profaktura izdata od strane [&hellip;]<\/p>\n","protected":false},"author":1,"featured_media":6716,"parent":3633,"menu_order":0,"comment_status":"closed","ping_status":"closed","template":"grandchild-default-template-v3.php","meta":{"_acf_changed":false,"footnotes":""},"class_list":["post-4774","page","type-page","status-publish","has-post-thumbnail","hentry"],"acf":[],"_links":{"self":[{"href":"https:\/\/test.bekonomike.com\/sr\/wp-json\/wp\/v2\/pages\/4774","targetHints":{"allow":["GET"]}}],"collection":[{"href":"https:\/\/test.bekonomike.com\/sr\/wp-json\/wp\/v2\/pages"}],"about":[{"href":"https:\/\/test.bekonomike.com\/sr\/wp-json\/wp\/v2\/types\/page"}],"author":[{"embeddable":true,"href":"https:\/\/test.bekonomike.com\/sr\/wp-json\/wp\/v2\/users\/1"}],"replies":[{"embeddable":true,"href":"https:\/\/test.bekonomike.com\/sr\/wp-json\/wp\/v2\/comments?post=4774"}],"version-history":[{"count":2,"href":"https:\/\/test.bekonomike.com\/sr\/wp-json\/wp\/v2\/pages\/4774\/revisions"}],"predecessor-version":[{"id":5292,"href":"https:\/\/test.bekonomike.com\/sr\/wp-json\/wp\/v2\/pages\/4774\/revisions\/5292"}],"up":[{"embeddable":true,"href":"https:\/\/test.bekonomike.com\/sr\/wp-json\/wp\/v2\/pages\/3633"}],"wp:featuredmedia":[{"embeddable":true,"href":"https:\/\/test.bekonomike.com\/sr\/wp-json\/wp\/v2\/media\/6716"}],"wp:attachment":[{"href":"https:\/\/test.bekonomike.com\/sr\/wp-json\/wp\/v2\/media?parent=4774"}],"curies":[{"name":"wp","href":"https:\/\/api.w.org\/{rel}","templated":true}]}}