{"id":4783,"date":"2024-11-08T16:36:48","date_gmt":"2024-11-08T16:36:48","guid":{"rendered":"https:\/\/test.bekonomike.com\/%d0%bb%d0%b8%d0%b7%d0%b8%d0%bd%d0%b3\/technical-sale-and-return-to-leasing\/"},"modified":"2025-05-02T14:07:06","modified_gmt":"2025-05-02T14:07:06","slug":"tehnicka-prodaja-i-povratak-na-lizing","status":"publish","type":"page","link":"https:\/\/test.bekonomike.com\/sr\/zakup\/tehnicka-prodaja-i-povratak-na-lizing\/","title":{"rendered":"Tehni\u010dka prodaja i povratak na lizing"},"content":{"rendered":"<p><strong>Da li ste kupili imovinu sa sopstvenim sredstvima koja vam je potrebna za druge svrhe? Nije kasno da realizujete svoj plan jer vam nudimo tehni\u010dku kupovinu imovine, pretvaraju\u0107i je u Lizing.<\/strong><\/p>\n<h3>Uslovi:<\/h3>\n<ul>\n<li>U\u010de\u0161\u0107e klijenta po\u010dinje od 20%<\/li>\n<li>Maksimalni period finansiranja do 120 meseci<\/li>\n<li>Faktura za kupovinu ne starija od 3 meseca<\/li>\n<\/ul>\n<h3>Segmenti koji se finansiraju:<\/h3>\n<ul>\n<li>Preduze\u0107a (MSP)<\/li>\n<li>Korporacije (velika preduze\u0107a)<\/li>\n<\/ul>\n<h3>Potrebna dokumentacija za apliciranje<\/h3>\n<h4>Segment preduze\u0107a i korporacija (pravna lica):<\/h4>\n<ul>\n<li>Faktura izdata od strane prodavca na ime Banka Ekonomike \u2013 koja uklju\u010duje ponu\u0111enu cenu i podatke o imovini<\/li>\n<li>Pravna dokumentacija<\/li>\n<li>Bankarska aplikacija za finansiranje putem lizinga<\/li>\n<li>Finansijska dokumentacija<\/li>\n<\/ul>\n","protected":false},"excerpt":{"rendered":"<p>Da li ste kupili imovinu sa sopstvenim sredstvima koja vam je potrebna za druge svrhe? Nije kasno da realizujete svoj plan jer vam nudimo tehni\u010dku kupovinu imovine, pretvaraju\u0107i je u Lizing. Uslovi: U\u010de\u0161\u0107e klijenta po\u010dinje od 20% Maksimalni period finansiranja do 120 meseci Faktura za kupovinu ne starija od 3 meseca Segmenti koji se finansiraju: [&hellip;]<\/p>\n","protected":false},"author":1,"featured_media":6720,"parent":3633,"menu_order":0,"comment_status":"closed","ping_status":"closed","template":"grandchild-default-template-v3.php","meta":{"_acf_changed":false,"footnotes":""},"class_list":["post-4783","page","type-page","status-publish","has-post-thumbnail","hentry"],"acf":[],"_links":{"self":[{"href":"https:\/\/test.bekonomike.com\/sr\/wp-json\/wp\/v2\/pages\/4783","targetHints":{"allow":["GET"]}}],"collection":[{"href":"https:\/\/test.bekonomike.com\/sr\/wp-json\/wp\/v2\/pages"}],"about":[{"href":"https:\/\/test.bekonomike.com\/sr\/wp-json\/wp\/v2\/types\/page"}],"author":[{"embeddable":true,"href":"https:\/\/test.bekonomike.com\/sr\/wp-json\/wp\/v2\/users\/1"}],"replies":[{"embeddable":true,"href":"https:\/\/test.bekonomike.com\/sr\/wp-json\/wp\/v2\/comments?post=4783"}],"version-history":[{"count":2,"href":"https:\/\/test.bekonomike.com\/sr\/wp-json\/wp\/v2\/pages\/4783\/revisions"}],"predecessor-version":[{"id":5295,"href":"https:\/\/test.bekonomike.com\/sr\/wp-json\/wp\/v2\/pages\/4783\/revisions\/5295"}],"up":[{"embeddable":true,"href":"https:\/\/test.bekonomike.com\/sr\/wp-json\/wp\/v2\/pages\/3633"}],"wp:featuredmedia":[{"embeddable":true,"href":"https:\/\/test.bekonomike.com\/sr\/wp-json\/wp\/v2\/media\/6720"}],"wp:attachment":[{"href":"https:\/\/test.bekonomike.com\/sr\/wp-json\/wp\/v2\/media?parent=4783"}],"curies":[{"name":"wp","href":"https:\/\/api.w.org\/{rel}","templated":true}]}}