{"id":4911,"date":"2024-11-13T15:00:12","date_gmt":"2024-11-13T15:00:12","guid":{"rendered":"https:\/\/test.bekonomike.com\/application-for-internship\/"},"modified":"2025-05-05T12:45:07","modified_gmt":"2025-05-05T12:45:07","slug":"prijava-za-praksu","status":"publish","type":"page","link":"https:\/\/test.bekonomike.com\/sr\/prijava-za-praksu\/","title":{"rendered":"Prijava za praksu"},"content":{"rendered":"\n<div class=\"wpcf7 no-js\" id=\"wpcf7-f4224-o1\" lang=\"sr-RS\" dir=\"ltr\" data-wpcf7-id=\"4224\">\n<div class=\"screen-reader-response\"><p role=\"status\" aria-live=\"polite\" aria-atomic=\"true\"><\/p> <ul><\/ul><\/div>\n<form action=\"\/sr\/wp-json\/wp\/v2\/pages\/4911#wpcf7-f4224-o1\" method=\"post\" class=\"wpcf7-form init cf7mls-no-scroll cf7mls-auto-return-first-step cf7mls-no-moving-animation\" aria-label=\"Contact form\" enctype=\"multipart\/form-data\" novalidate=\"novalidate\" data-status=\"init\">\n<fieldset class=\"hidden-fields-container\"><input type=\"hidden\" name=\"_wpcf7\" value=\"4224\" \/><input type=\"hidden\" name=\"_wpcf7_version\" value=\"6.1.5\" \/><input type=\"hidden\" name=\"_wpcf7_locale\" value=\"sr_RS\" \/><input type=\"hidden\" name=\"_wpcf7_unit_tag\" value=\"wpcf7-f4224-o1\" \/><input type=\"hidden\" name=\"_wpcf7_container_post\" value=\"0\" \/><input type=\"hidden\" name=\"_wpcf7_posted_data_hash\" value=\"\" \/><input type=\"hidden\" name=\"_wpcf7_recaptcha_response\" value=\"\" \/>\n<\/fieldset>\n<h5>Li\u010dni podaci\n<\/h5>\n<div class=\"row\">\n\t<div class=\"col-lg-6\">\n\t\t<div class=\"input\">\n\t\t\t<p><span class=\"wpcf7-form-control-wrap\" data-name=\"your-name\"><input size=\"40\" maxlength=\"400\" class=\"wpcf7-form-control wpcf7-text wpcf7-validates-as-required\" aria-required=\"true\" aria-invalid=\"false\" placeholder=\"Ime i prezime\" value=\"\" type=\"text\" name=\"your-name\" \/><\/span>\n\t\t\t<\/p>\n\t\t<\/div>\n\t<\/div>\n\t<div class=\"col-lg-6\">\n\t\t<div class=\"input\">\n\t\t\t<p><span class=\"wpcf7-form-control-wrap\" data-name=\"your-address\"><input size=\"40\" maxlength=\"400\" class=\"wpcf7-form-control wpcf7-text wpcf7-validates-as-required\" aria-required=\"true\" aria-invalid=\"false\" placeholder=\"Adresa\" value=\"\" type=\"text\" name=\"your-address\" \/><\/span>\n\t\t\t<\/p>\n\t\t<\/div>\n\t<\/div>\n<\/div>\n<div class=\"row\">\n\t<div class=\"col-lg-6\">\n\t\t<div class=\"input\">\n\t\t\t<p><span class=\"wpcf7-form-control-wrap\" data-name=\"datelindja\"><input size=\"40\" maxlength=\"400\" class=\"wpcf7-form-control wpcf7-text wpcf7-validates-as-required flatpickr-target\" aria-required=\"true\" aria-invalid=\"false\" placeholder=\"Datum ro\u0111enja\" value=\"\" type=\"text\" name=\"datelindja\" \/><\/span>\n\t\t\t<\/p>\n\t\t<\/div>\n\t<\/div>\n\t<div class=\"col-lg-6\">\n\t\t<div class=\"input\">\n\t\t\t<p><span class=\"wpcf7-form-control-wrap\" data-name=\"your-email\"><input size=\"40\" maxlength=\"400\" class=\"wpcf7-form-control wpcf7-email wpcf7-validates-as-required wpcf7-text wpcf7-validates-as-email\" aria-required=\"true\" aria-invalid=\"false\" placeholder=\"Email\" value=\"\" type=\"email\" name=\"your-email\" \/><\/span>\n\t\t\t<\/p>\n\t\t<\/div>\n\t<\/div>\n<\/div>\n<div class=\"row\">\n\t<div class=\"col-lg-6\">\n\t\t<div class=\"input\">\n\t\t\t<p><span class=\"wpcf7-form-control-wrap\" data-name=\"your-phone\"><input size=\"40\" maxlength=\"400\" class=\"wpcf7-form-control wpcf7-tel wpcf7-validates-as-required wpcf7-text wpcf7-validates-as-tel\" aria-required=\"true\" aria-invalid=\"false\" placeholder=\"Broj telefona\" value=\"\" type=\"tel\" name=\"your-phone\" \/><\/span>\n\t\t\t<\/p>\n\t\t<\/div>\n\t<\/div>\n\t<div class=\"col-lg-6\">\n\t\t<div class=\"input\">\n\t\t\t<p><span class=\"wpcf7-form-control-wrap\" data-name=\"dega\"><input size=\"40\" maxlength=\"400\" class=\"wpcf7-form-control wpcf7-text wpcf7-validates-as-required\" aria-required=\"true\" aria-invalid=\"false\" placeholder=\"Odeljenje\/Filijala za koju ste zainteresovani\" value=\"\" type=\"text\" name=\"dega\" \/><\/span>\n\t\t\t<\/p>\n\t\t<\/div>\n\t<\/div>\n<\/div>\n<div class=\"forma-button\">\n\t<div class=\"upload-row\">\n\t\t<div class=\"upload-wrapper\">\n\t\t\t<p><span class=\"input-label\">Otpremite svoj CV u .pdf formatu<\/span><br \/>\n<span class=\"wpcf7-form-control-wrap\" data-name=\"file_uploads_1\"><input size=\"40\" class=\"wpcf7-form-control wpcf7-file wpcf7-validates-as-required custom-file-input\" accept=\"video\/*,application\/pdf,image\/*\" aria-required=\"true\" aria-invalid=\"false\" type=\"file\" name=\"file_uploads_1\" \/><\/span><br \/>\n<label class=\"custom-upload-button\"><br \/>\n<img decoding=\"async\" src=\"\/wp-content\/uploads\/2025\/05\/upload-1.png\" alt=\"\" \/><br \/>\nOtpremite CV<br \/>\n<\/label><br \/>\n<span class=\"file-name\"><\/span>\n\t\t\t<\/p>\n\t\t<\/div>\n\t\t<div class=\"upload-wrapper\">\n\t\t\t<p><span class=\"input-label\">Otpremite svoju fotografiju u .jpg formatu<\/span><br \/>\n<span class=\"wpcf7-form-control-wrap\" data-name=\"file_uploads_2\"><input size=\"40\" class=\"wpcf7-form-control wpcf7-file wpcf7-validates-as-required custom-file-input\" accept=\"video\/*,application\/pdf,image\/*\" aria-required=\"true\" aria-invalid=\"false\" type=\"file\" name=\"file_uploads_2\" \/><\/span><br \/>\n<label class=\"custom-upload-button\"><br \/>\n<img decoding=\"async\" src=\"\/wp-content\/uploads\/2025\/05\/upload-1.png\" alt=\"\" \/><br \/>\nOtpremite fotografiju<br \/>\n<\/label><br \/>\n<span class=\"file-name\"><\/span>\n\t\t\t<\/p>\n\t\t<\/div>\n\t<\/div>\n<\/div>\n<p><span class=\"wpcf7-form-control-wrap\" data-name=\"acceptance-602\"><span class=\"wpcf7-form-control wpcf7-acceptance\"><span class=\"wpcf7-list-item\"><label><input type=\"checkbox\" name=\"acceptance-602\" value=\"1\" aria-invalid=\"false\" \/><span class=\"wpcf7-list-item-label\">Izjavljujem da su svi podaci navedeni u ovoj prijavi ta\u010dni, a\u017eurirani i u skladu sa svrhom prijave. Sla\u017eem se i izjavljujem da su ovi podaci dostavljeni na osnovu slobodne volje, specifi\u010dno i dobro informisano, bez ikakvog pritiska, prevare, zastra\u0161ivanja ili prinude bilo koje vrste.<\/span><\/label><\/span><\/span><\/span><br \/>\n<span class=\"wpcf7-form-control-wrap\" data-name=\"acceptance-850\"><span class=\"wpcf7-form-control wpcf7-acceptance\"><span class=\"wpcf7-list-item\"><label><input type=\"checkbox\" name=\"acceptance-850\" value=\"1\" aria-invalid=\"false\" \/><span class=\"wpcf7-list-item-label\">Slanjem ove prijave dobrovoljno dajem saglasnost i izjavljujem da sam naveo ta\u010dne li\u010dne podatke za njihovo prikupljanje, obradu i \u010duvanje u skladu sa Zakonom o za\u0161titi li\u010dnih podataka na snazi, u svrhu moje jasne identifikacije za potrebe mogu\u0107eg zaposlenja. Tako\u0111e smatram da sam upoznat sa svim svojim zakonskim pravima u vezi sa prikupljanjem i obradom mojih li\u010dnih podataka navedenih u Obave\u0161tenju o privatnosti.<\/span><\/label><\/span><\/span><\/span><br \/>\n<span class=\"wpcf7-form-control-wrap recaptcha\" data-name=\"recaptcha\"><span data-sitekey=\"6Lemu4MqAAAAAHllkd8shSRl5NRCDuiPd6yW6wYz\" class=\"wpcf7-form-control wpcf7-recaptcha g-recaptcha\"><\/span>\r\n<noscript>\r\n\t<div class=\"grecaptcha-noscript\">\r\n\t\t<iframe loading=\"lazy\" src=\"https:\/\/www.google.com\/recaptcha\/api\/fallback?k=6Lemu4MqAAAAAHllkd8shSRl5NRCDuiPd6yW6wYz\" frameborder=\"0\" scrolling=\"no\" width=\"310\" height=\"430\">\r\n\t\t<\/iframe>\r\n\t\t<textarea name=\"g-recaptcha-response\" rows=\"3\" cols=\"40\" placeholder=\"reCaptcha Response Here\">\r\n\t\t<\/textarea>\r\n\t<\/div>\r\n<\/noscript>\r\n<\/span>\n<\/p>\n<div class=\"col-lg-4\">\n\t<p><input class=\"wpcf7-form-control wpcf7-submit has-spinner\" id=\"submit\" type=\"submit\" value=\"Po\u0161alji prijavu\" \/>\n\t<\/p>\n<\/div><p style=\"display: none !important;\" class=\"akismet-fields-container\" data-prefix=\"_wpcf7_ak_\"><label>&#916;<textarea name=\"_wpcf7_ak_hp_textarea\" cols=\"45\" rows=\"8\" maxlength=\"100\"><\/textarea><\/label><input type=\"hidden\" id=\"ak_js_1\" name=\"_wpcf7_ak_js\" value=\"248\"\/><script>document.getElementById( \"ak_js_1\" ).setAttribute( \"value\", ( new Date() ).getTime() );<\/script><\/p><div class=\"wpcf7-response-output\" aria-hidden=\"true\"><\/div>\n<\/form>\n<\/div>\n\n","protected":false},"excerpt":{"rendered":"","protected":false},"author":1,"featured_media":4114,"parent":0,"menu_order":0,"comment_status":"closed","ping_status":"closed","template":"apply-page.php","meta":{"_acf_changed":false,"footnotes":""},"class_list":["post-4911","page","type-page","status-publish","has-post-thumbnail","hentry"],"acf":[],"_links":{"self":[{"href":"https:\/\/test.bekonomike.com\/sr\/wp-json\/wp\/v2\/pages\/4911","targetHints":{"allow":["GET"]}}],"collection":[{"href":"https:\/\/test.bekonomike.com\/sr\/wp-json\/wp\/v2\/pages"}],"about":[{"href":"https:\/\/test.bekonomike.com\/sr\/wp-json\/wp\/v2\/types\/page"}],"author":[{"embeddable":true,"href":"https:\/\/test.bekonomike.com\/sr\/wp-json\/wp\/v2\/users\/1"}],"replies":[{"embeddable":true,"href":"https:\/\/test.bekonomike.com\/sr\/wp-json\/wp\/v2\/comments?post=4911"}],"version-history":[{"count":3,"href":"https:\/\/test.bekonomike.com\/sr\/wp-json\/wp\/v2\/pages\/4911\/revisions"}],"predecessor-version":[{"id":5489,"href":"https:\/\/test.bekonomike.com\/sr\/wp-json\/wp\/v2\/pages\/4911\/revisions\/5489"}],"wp:featuredmedia":[{"embeddable":true,"href":"https:\/\/test.bekonomike.com\/sr\/wp-json\/wp\/v2\/media\/4114"}],"wp:attachment":[{"href":"https:\/\/test.bekonomike.com\/sr\/wp-json\/wp\/v2\/media?parent=4911"}],"curies":[{"name":"wp","href":"https:\/\/api.w.org\/{rel}","templated":true}]}}