{"id":4944,"date":"2025-03-10T10:30:31","date_gmt":"2025-03-10T10:30:31","guid":{"rendered":"https:\/\/test.bekonomike.com\/%d0%bf%d1%80%d0%b8%d1%98%d0%b0%d0%b2%d0%b8%d1%82%d0%b5-%d1%81%d0%b5-%d0%be%d0%bd%d0%bb%d0%b0%d1%98%d0%bd\/%d0%bf%d0%be%d1%81%d0%bb%d0%be%d0%b2%d0%bd%d0%b8-%d0%ba%d0%bb%d0%b8%d1%98%d0%b5%d0%bd%d1%82\/overdraft\/"},"modified":"2025-05-05T12:47:46","modified_gmt":"2025-05-05T12:47:46","slug":"prekoracenje-po-racunu","status":"publish","type":"page","link":"https:\/\/test.bekonomike.com\/sr\/prijavite-se-onlajn\/poslovni-klijent\/prekoracenje-po-racunu\/","title":{"rendered":"Prekora\u010denje po ra\u010dunu"},"content":{"rendered":"<div class=\"big-container\">\n<div class=\"contact-form\">\n<div class=\"wpcf7 no-js\" id=\"wpcf7-f4059-o1\" lang=\"sr-RS\" dir=\"ltr\" data-wpcf7-id=\"4059\">\n<div class=\"screen-reader-response\"><p role=\"status\" aria-live=\"polite\" aria-atomic=\"true\"><\/p> <ul><\/ul><\/div>\n<form action=\"\/sr\/wp-json\/wp\/v2\/pages\/4944#wpcf7-f4059-o1\" method=\"post\" class=\"wpcf7-form init cf7mls-no-scroll cf7mls-auto-return-first-step cf7mls-no-moving-animation\" aria-label=\"Contact form\" novalidate=\"novalidate\" data-status=\"init\">\n<fieldset class=\"hidden-fields-container\"><input type=\"hidden\" name=\"_wpcf7\" value=\"4059\" \/><input type=\"hidden\" name=\"_wpcf7_version\" value=\"6.1.5\" \/><input type=\"hidden\" name=\"_wpcf7_locale\" value=\"sr_RS\" \/><input type=\"hidden\" name=\"_wpcf7_unit_tag\" value=\"wpcf7-f4059-o1\" \/><input type=\"hidden\" name=\"_wpcf7_container_post\" value=\"0\" \/><input type=\"hidden\" name=\"_wpcf7_posted_data_hash\" value=\"\" \/><input type=\"hidden\" name=\"_wpcf7_recaptcha_response\" value=\"\" \/>\n<\/fieldset>\n<h5 style=\"padding-bottom:15px;\">Overdraft - prekora\u010denje\n<\/h5>\n<div class=\"input\">\n\t<p><span class=\"wpcf7-form-control-wrap\" data-name=\"select-771\"><select class=\"wpcf7-form-control wpcf7-select wpcf7-validates-as-required select-dynamic\" aria-required=\"true\" aria-invalid=\"false\" name=\"select-771\"><option value=\"\" disabled selected>Da li ste klijent Banke Ekonomike?<\/option><option value=\"DA\">DA<\/option><option value=\"NE\">NE<\/option><\/select><\/span>\n\t<\/p>\n<\/div>\n<div class=\"input\">\n\t<p><span class=\"wpcf7-form-control-wrap\" data-name=\"emer-biznesi\"><input size=\"40\" maxlength=\"400\" class=\"wpcf7-form-control wpcf7-text wpcf7-validates-as-required\" aria-required=\"true\" aria-invalid=\"false\" placeholder=\"Naziv preduze\u0107a\" value=\"\" type=\"text\" name=\"emer-biznesi\" \/><\/span>\n\t<\/p>\n<\/div>\n<div class=\"input\">\n\t<p><span class=\"wpcf7-form-control-wrap\" data-name=\"nr-biznesi\"><input class=\"wpcf7-form-control wpcf7-number wpcf7-validates-as-required wpcf7-validates-as-number num-only\" min=\"1\" aria-required=\"true\" aria-invalid=\"false\" placeholder=\"Jedinstveni broj preduze\u0107a\" value=\"\" type=\"number\" name=\"nr-biznesi\" \/><\/span>\n\t<\/p>\n<\/div>\n<div class=\"input\">\n\t<p><span class=\"wpcf7-form-control-wrap\" data-name=\"adresa\"><input size=\"40\" maxlength=\"400\" class=\"wpcf7-form-control wpcf7-text wpcf7-validates-as-required\" aria-required=\"true\" aria-invalid=\"false\" placeholder=\"Adresa\" value=\"\" type=\"text\" name=\"adresa\" \/><\/span>\n\t<\/p>\n<\/div>\n<div class=\"input tss\">\n\t<div class=\"zk14-wrapper\">\n\t\t<div class=\"zk14-btn\">\n\t\t\t<p>XK05\n\t\t\t<\/p>\n\t\t<\/div>\n\t\t<div class=\"zk14-input\">\n\t\t\t<p><span class=\"wpcf7-form-control-wrap\" data-name=\"nr-llogarie\"><input class=\"wpcf7-form-control wpcf7-number wpcf7-validates-as-required wpcf7-validates-as-number\" min=\"0\" aria-required=\"true\" aria-invalid=\"false\" placeholder=\"Broj ra\u010duna\" value=\"\" type=\"number\" name=\"nr-llogarie\" \/><\/span>\n\t\t\t<\/p>\n\t\t<\/div>\n\t<\/div>\n<\/div>\n<div class=\"input\">\n\t<p><span class=\"wpcf7-form-control-wrap\" data-name=\"emer-perfaqsues\"><input size=\"40\" maxlength=\"400\" class=\"wpcf7-form-control wpcf7-text wpcf7-validates-as-required\" aria-required=\"true\" aria-invalid=\"false\" placeholder=\"Ime zakonskog zastupnika\" value=\"\" type=\"text\" name=\"emer-perfaqsues\" \/><\/span>\n\t<\/p>\n<\/div>\n<div class=\"input\">\n\t<p><span class=\"wpcf7-form-control-wrap\" data-name=\"nr-personal\"><input class=\"wpcf7-form-control wpcf7-number wpcf7-validates-as-required wpcf7-validates-as-number\" min=\"0\" aria-required=\"true\" aria-invalid=\"false\" placeholder=\"Li\u010dni broj\" value=\"\" type=\"number\" name=\"nr-personal\" \/><\/span>\n\t<\/p>\n<\/div>\n<div class=\"input\">\n\t<p><span class=\"wpcf7-form-control-wrap\" data-name=\"telephone\"><input size=\"40\" maxlength=\"400\" class=\"wpcf7-form-control wpcf7-tel wpcf7-validates-as-required wpcf7-text wpcf7-validates-as-tel tel-only\" aria-required=\"true\" aria-invalid=\"false\" placeholder=\"Broj telefona\" value=\"\" type=\"tel\" name=\"telephone\" \/><\/span>\n\t<\/p>\n<\/div>\n<div class=\"input\">\n\t<p><span class=\"wpcf7-form-control-wrap\" data-name=\"mail-ad\"><input size=\"40\" maxlength=\"400\" class=\"wpcf7-form-control wpcf7-email wpcf7-validates-as-required wpcf7-text wpcf7-validates-as-email\" aria-required=\"true\" aria-invalid=\"false\" placeholder=\"Email adresa\" value=\"\" type=\"email\" name=\"mail-ad\" \/><\/span>\n\t<\/p>\n<\/div>\n<div class=\"input\">\n\t<p><span class=\"wpcf7-form-control-wrap\" data-name=\"limiti\"><input class=\"wpcf7-form-control wpcf7-number wpcf7-validates-as-required wpcf7-validates-as-number num-only\" min=\"1\" aria-required=\"true\" aria-invalid=\"false\" placeholder=\"Tra\u017eeni limit\" value=\"\" type=\"number\" name=\"limiti\" \/><\/span>\n\t<\/p>\n<\/div>\n<div class=\"input\">\n\t<p><span class=\"wpcf7-form-control-wrap\" data-name=\"vlera-shitjeve\"><input class=\"wpcf7-form-control wpcf7-number wpcf7-validates-as-required wpcf7-validates-as-number num-only\" min=\"1\" aria-required=\"true\" aria-invalid=\"false\" placeholder=\"Prose\u010dna vrednost prodaje\" value=\"\" type=\"number\" name=\"vlera-shitjeve\" \/><\/span>\n\t<\/p>\n<\/div>\n<div class=\"input\">\n\t<h5 class=\"title\" style=\"padding-bottom:15px; padding-top:30px;\">Saglasnost za pristup Registru kredita Kosova (RKK)\n\t<\/h5>\n<\/div>\n<div class=\"input\">\n\t<p><span class=\"wpcf7-form-control-wrap\" data-name=\"acceptance-4461\"><span class=\"wpcf7-form-control wpcf7-acceptance\"><span class=\"wpcf7-list-item\"><label><input type=\"checkbox\" name=\"acceptance-4461\" value=\"1\" aria-invalid=\"false\" \/><span class=\"wpcf7-list-item-label\">U skladu sa Zakonom o za\u0161titi li\u010dnih podataka i \u010dlanom 7.2 Uredbe CBK o Registru kredita, ja, sa li\u010dnim brojem, u svojstvu lica na koje se podaci odnose, dajem saglasnost kojom izjavljujem da, u svrhu obrade i procene mog zahteva za odobrenje kredita, ovla\u0161\u0107ujem Banku Ekonomike Sh.A. da obra\u0111uje i koristi moje li\u010dne podatke, kao i da ima pristup mojim kreditnim izve\u0161tajima u Registru kredita Kosova, u cilju obrade i pripreme eventualnog kredita od strane Banke Ekonomike Sh.A. Tako\u0111e se sla\u017eem da, dok imam obaveze prema Banci, Banka mo\u017ee imati pristup Kreditnim izve\u0161tajima iz Registra kredita Kosova. Ovu saglasnost dajem na osnovu slobodne volje i uzajamnog interesa i ne\u0107u je osporiti ni na jednoj pravnoj ili \u010dinjeni\u010dnoj osnovi, dok svojim potpisom potvr\u0111ujem svoju volju izra\u017eenu ovom saglasno\u0161\u0107u. Svestan sam da davanje ove saglasnosti ne prejudicira pozitivan odgovor ili odobrenje mog zahteva za kredit.<\/span><\/label><\/span><\/span><\/span>\n\t<\/p>\n<\/div>\n<div class=\"input\">\n\t<p><span class=\"wpcf7-form-control-wrap\" data-name=\"acceptance-446\"><span class=\"wpcf7-form-control wpcf7-acceptance\"><span class=\"wpcf7-list-item\"><label><input type=\"checkbox\" name=\"acceptance-446\" value=\"1\" aria-invalid=\"false\" \/><span class=\"wpcf7-list-item-label\">Razumete i prihvatate da \u0107e va\u0161 zahtev putem ovog formulara biti predmet analize i procene od strane Banke i da ni u kom slu\u010daju ne podrazumeva automatsko odobrenje va\u0161eg zahteva.<\/span><\/label><\/span><\/span><\/span>\n\t<\/p>\n<\/div>\n<div class=\"input\">\n\t<p><span class=\"wpcf7-form-control-wrap\" data-name=\"acceptance-826\"><span class=\"wpcf7-form-control wpcf7-acceptance\"><span class=\"wpcf7-list-item\"><label><input type=\"checkbox\" name=\"acceptance-826\" value=\"1\" aria-invalid=\"false\" \/><span class=\"wpcf7-list-item-label\">Banka zadr\u017eava pravo da (i) od vas zatra\u017ei dodatne informacije; (ii) vrati zahtev na dopunu ako va\u0161 zahtev nije potpun; ili (iii) odbije va\u0161 zahtev ukoliko ne ispunjavate kriterijume Banke. U slu\u010daju da je va\u0161 zahtev potpun i odobren od strane Banke, tada \u0107e vas Banka pozvati u svoje filijale radi potpisivanja ugovora i prate\u0107e dokumentacije.<\/span><\/label><\/span><\/span><\/span>\n\t<\/p>\n<\/div>\n<div class=\"input\">\n\t<p><span class=\"wpcf7-form-control-wrap\" data-name=\"acceptance-219\"><span class=\"wpcf7-form-control wpcf7-acceptance\"><span class=\"wpcf7-list-item\"><label><input type=\"checkbox\" name=\"acceptance-219\" value=\"1\" aria-invalid=\"false\" \/><span class=\"wpcf7-list-item-label\">Ako se ne pojavite u filijali Banke radi potpisivanja ugovora i prate\u0107e dokumentacije u roku od trideset (30) dana od datuma poziva od strane Banke, tada \u0107e Banka smatrati da ste povukli svoj zahtev. U takvim slu\u010dajevima, svaki naredni zahtev \u0107e se smatrati novim zahtevom, nevezanim za odluku o prethodnom zahtevu.<\/span><\/label><\/span><\/span><\/span>\n\t<\/p>\n<\/div>\n<span class=\"wpcf7-form-control-wrap recaptcha\" data-name=\"recaptcha\"><span data-sitekey=\"6Lemu4MqAAAAAHllkd8shSRl5NRCDuiPd6yW6wYz\" class=\"wpcf7-form-control wpcf7-recaptcha g-recaptcha\"><\/span>\r\n<noscript>\r\n\t<div class=\"grecaptcha-noscript\">\r\n\t\t<iframe loading=\"lazy\" src=\"https:\/\/www.google.com\/recaptcha\/api\/fallback?k=6Lemu4MqAAAAAHllkd8shSRl5NRCDuiPd6yW6wYz\" frameborder=\"0\" scrolling=\"no\" width=\"310\" height=\"430\">\r\n\t\t<\/iframe>\r\n\t\t<textarea name=\"g-recaptcha-response\" rows=\"3\" cols=\"40\" placeholder=\"reCaptcha Response Here\">\r\n\t\t<\/textarea>\r\n\t<\/div>\r\n<\/noscript>\r\n<\/span>\n<div class=\"row\">\n\t<div class=\"col-md-6 mb-3\">\n\t\t<p><a class=\"return-back-btn\" href=\"\/sr\/prijavite-se-onlajn\/\">Vrati se nazad<\/a>\n\t\t<\/p>\n\t<\/div>\n\t<div class=\"col-md-6\">\n\t\t<p><input class=\"wpcf7-form-control wpcf7-submit has-spinner\" id=\"submit\" type=\"submit\" value=\"Po\u0161alji zahtev\" \/>\n\t\t<\/p>\n\t<\/div>\n<\/div><p style=\"display: none !important;\" class=\"akismet-fields-container\" data-prefix=\"_wpcf7_ak_\"><label>&#916;<textarea name=\"_wpcf7_ak_hp_textarea\" cols=\"45\" rows=\"8\" maxlength=\"100\"><\/textarea><\/label><input type=\"hidden\" id=\"ak_js_1\" name=\"_wpcf7_ak_js\" value=\"53\"\/><script>document.getElementById( \"ak_js_1\" ).setAttribute( \"value\", ( new Date() ).getTime() );<\/script><\/p><div class=\"wpcf7-response-output\" aria-hidden=\"true\"><\/div>\n<\/form>\n<\/div>\n<\/div>\n<\/div>\n","protected":false},"excerpt":{"rendered":"","protected":false},"author":1,"featured_media":0,"parent":4900,"menu_order":0,"comment_status":"closed","ping_status":"closed","template":"","meta":{"_acf_changed":false,"footnotes":""},"class_list":["post-4944","page","type-page","status-publish","hentry"],"acf":[],"_links":{"self":[{"href":"https:\/\/test.bekonomike.com\/sr\/wp-json\/wp\/v2\/pages\/4944","targetHints":{"allow":["GET"]}}],"collection":[{"href":"https:\/\/test.bekonomike.com\/sr\/wp-json\/wp\/v2\/pages"}],"about":[{"href":"https:\/\/test.bekonomike.com\/sr\/wp-json\/wp\/v2\/types\/page"}],"author":[{"embeddable":true,"href":"https:\/\/test.bekonomike.com\/sr\/wp-json\/wp\/v2\/users\/1"}],"replies":[{"embeddable":true,"href":"https:\/\/test.bekonomike.com\/sr\/wp-json\/wp\/v2\/comments?post=4944"}],"version-history":[{"count":3,"href":"https:\/\/test.bekonomike.com\/sr\/wp-json\/wp\/v2\/pages\/4944\/revisions"}],"predecessor-version":[{"id":5500,"href":"https:\/\/test.bekonomike.com\/sr\/wp-json\/wp\/v2\/pages\/4944\/revisions\/5500"}],"up":[{"embeddable":true,"href":"https:\/\/test.bekonomike.com\/sr\/wp-json\/wp\/v2\/pages\/4900"}],"wp:attachment":[{"href":"https:\/\/test.bekonomike.com\/sr\/wp-json\/wp\/v2\/media?parent=4944"}],"curies":[{"name":"wp","href":"https:\/\/api.w.org\/{rel}","templated":true}]}}