{"id":4986,"date":"2025-03-10T10:35:04","date_gmt":"2025-03-10T10:35:04","guid":{"rendered":""},"modified":"2025-05-05T12:50:09","modified_gmt":"2025-05-05T12:50:09","slug":"debitna-kartica","status":"publish","type":"page","link":"https:\/\/test.bekonomike.com\/sr\/prijavite-se-onlajn\/individualni-klijent\/debitna-kartica\/","title":{"rendered":"Debitna kartica"},"content":{"rendered":"<div class=\"big-container\">\n<div class=\"contact-form\">\n<div class=\"wpcf7 no-js\" id=\"wpcf7-f4819-o1\" lang=\"sr-RS\" dir=\"ltr\" data-wpcf7-id=\"4819\">\n<div class=\"screen-reader-response\"><p role=\"status\" aria-live=\"polite\" aria-atomic=\"true\"><\/p> <ul><\/ul><\/div>\n<form action=\"\/sr\/wp-json\/wp\/v2\/pages\/4986#wpcf7-f4819-o1\" method=\"post\" class=\"wpcf7-form init cf7mls-no-scroll cf7mls-auto-return-first-step cf7mls-no-moving-animation\" aria-label=\"Contact form\" novalidate=\"novalidate\" data-status=\"init\">\n<fieldset class=\"hidden-fields-container\"><input type=\"hidden\" name=\"_wpcf7\" value=\"4819\" \/><input type=\"hidden\" name=\"_wpcf7_version\" value=\"6.1.5\" \/><input type=\"hidden\" name=\"_wpcf7_locale\" value=\"sr_RS\" \/><input type=\"hidden\" name=\"_wpcf7_unit_tag\" value=\"wpcf7-f4819-o1\" \/><input type=\"hidden\" name=\"_wpcf7_container_post\" value=\"0\" \/><input type=\"hidden\" name=\"_wpcf7_posted_data_hash\" value=\"\" \/><input type=\"hidden\" name=\"_wpcf7_recaptcha_response\" value=\"\" \/>\n<\/fieldset>\n<h5 style=\"padding-bottom:15px;\">Debit kartica\n<\/h5>\n<div class=\"input\">\n\t<p><span class=\"wpcf7-form-control-wrap\" data-name=\"select-625\"><select class=\"wpcf7-form-control wpcf7-select wpcf7-validates-as-required select-dynamic\" aria-required=\"true\" aria-invalid=\"false\" name=\"select-625\"><option value=\"\" disabled selected>Prijavite se za Debitna kartica<\/option><option value=\"Obnova\">Obnova<\/option><option value=\"Nova debit kartica\">Nova debit kartica<\/option><\/select><\/span>\n\t<\/p>\n<\/div>\n<p>[group kartele-re-selected]\n<\/p>\n<div class=\"input\">\n\t<p><span class=\"wpcf7-form-control-wrap\" data-name=\"select-770\"><select class=\"wpcf7-form-control wpcf7-select wpcf7-validates-as-required select-dynamic\" aria-required=\"true\" aria-invalid=\"false\" name=\"select-770\"><option value=\"\" disabled selected>Da li ste klijent Banke Ekonomike?<\/option><option value=\"DA\">DA<\/option><option value=\"NE\">NE<\/option><\/select><\/span>\n\t<\/p>\n<\/div>\n<p>[\/group]\n<\/p>\n<p>[group klient-jo-selected]\n<\/p>\n<div class=\"input\">\n<\/div>\n<p>[\/group]\n<\/p>\n<p>[group klient-po-selected]\n<\/p>\n<div class=\"input\">\n\t<p><span class=\"wpcf7-form-control-wrap\" data-name=\"your-fullname\"><input size=\"40\" maxlength=\"400\" class=\"wpcf7-form-control wpcf7-text wpcf7-validates-as-required\" aria-required=\"true\" aria-invalid=\"false\" placeholder=\"Ime\" value=\"\" type=\"text\" name=\"your-fullname\" \/><\/span>\n\t<\/p>\n<\/div>\n<div class=\"input\">\n\t<p><span class=\"wpcf7-form-control-wrap\" data-name=\"mbiemri\"><input size=\"40\" maxlength=\"400\" class=\"wpcf7-form-control wpcf7-text wpcf7-validates-as-required\" aria-required=\"true\" aria-invalid=\"false\" placeholder=\"Prezime\" value=\"\" type=\"text\" name=\"mbiemri\" \/><\/span>\n\t<\/p>\n<\/div>\n<div class=\"input\">\n\t<p><span class=\"wpcf7-form-control-wrap\" data-name=\"nr-leternjoftimi\"><input class=\"wpcf7-form-control wpcf7-number wpcf7-validates-as-required wpcf7-validates-as-number\" min=\"0\" aria-required=\"true\" aria-invalid=\"false\" placeholder=\"Broj li\u010dne karte\" value=\"\" type=\"number\" name=\"nr-leternjoftimi\" \/><\/span>\n\t<\/p>\n<\/div>\n<div class=\"input tss\">\n\t<div class=\"zk14-wrapper\">\n\t\t<div class=\"zk14-btn\">\n\t\t\t<p>XK05\n\t\t\t<\/p>\n\t\t<\/div>\n\t\t<div class=\"zk14-input\">\n\t\t\t<p><span class=\"wpcf7-form-control-wrap\" data-name=\"nr-llogarie\"><input class=\"wpcf7-form-control wpcf7-number wpcf7-validates-as-required wpcf7-validates-as-number\" min=\"0\" aria-required=\"true\" aria-invalid=\"false\" placeholder=\"Broj ra\u010duna\" value=\"\" type=\"number\" name=\"nr-llogarie\" \/><\/span>\n\t\t\t<\/p>\n\t\t<\/div>\n\t<\/div>\n<\/div>\n<div class=\"input\">\n\t<p><span class=\"wpcf7-form-control-wrap\" data-name=\"telephonee\"><input size=\"40\" maxlength=\"400\" class=\"wpcf7-form-control wpcf7-tel wpcf7-validates-as-required wpcf7-text wpcf7-validates-as-tel tel-only\" aria-required=\"true\" aria-invalid=\"false\" placeholder=\"Broj telefona\" value=\"\" type=\"tel\" name=\"telephonee\" \/><\/span>\n\t<\/p>\n<\/div>\n<div class=\"input\">\n\t<p><span class=\"wpcf7-form-control-wrap\" data-name=\"acceptance-446\"><span class=\"wpcf7-form-control wpcf7-acceptance\"><span class=\"wpcf7-list-item\"><label><input type=\"checkbox\" name=\"acceptance-446\" value=\"1\" aria-invalid=\"false\" \/><span class=\"wpcf7-list-item-label\">Razumete i prihvatate da \u0107e va\u0161a aplikacija putem ovog formulara biti predmet analize i procene Banke i da ni u kom slu\u010daju ne podrazumeva automatsko odobrenje va\u0161e aplikacije.<\/span><\/label><\/span><\/span><\/span>\n\t<\/p>\n<\/div>\n<div class=\"input\">\n\t<p><span class=\"wpcf7-form-control-wrap\" data-name=\"acceptance-826\"><span class=\"wpcf7-form-control wpcf7-acceptance\"><span class=\"wpcf7-list-item\"><label><input type=\"checkbox\" name=\"acceptance-826\" value=\"1\" aria-invalid=\"false\" \/><span class=\"wpcf7-list-item-label\">Banka zadr\u017eava pravo da (i) zatra\u017ei dodatne informacije od vas; (ii) vrati aplikaciju na dopunu ukoliko va\u0161a aplikacija nije kompletna; ili (iii) odbije va\u0161u aplikaciju ukoliko ne ispunjava kriterijume Banke. Ukoliko je va\u0161a aplikacija kompletna i bude odobrena od strane Banke, tada \u0107e vas Banka pozvati u svoje filijale radi potpisivanja ugovora i prate\u0107e dokumentacije.<\/span><\/label><\/span><\/span><\/span>\n\t<\/p>\n<\/div>\n<div class=\"input\">\n\t<p><span class=\"wpcf7-form-control-wrap\" data-name=\"acceptance-219\"><span class=\"wpcf7-form-control wpcf7-acceptance\"><span class=\"wpcf7-list-item\"><label><input type=\"checkbox\" name=\"acceptance-219\" value=\"1\" aria-invalid=\"false\" \/><span class=\"wpcf7-list-item-label\">Ukoliko se ne pojavite u filijali Banke radi potpisivanja ugovora i prate\u0107e dokumentacije u roku od trideset (30) dana od datuma poziva Banke, tada \u0107e Banka smatrati va\u0161u aplikaciju povu\u010denom. U takvim slu\u010dajevima, svaka naredna aplikacija \u0107e se smatrati novom aplikacijom, bez ikakve uslovljenosti odlukom prethodne aplikacije.<\/span><\/label><\/span><\/span><\/span>\n\t<\/p>\n<\/div>\n<p>[\/group]\n<\/p>\n<span class=\"wpcf7-form-control-wrap recaptcha\" data-name=\"recaptcha\"><span data-sitekey=\"6Lemu4MqAAAAAHllkd8shSRl5NRCDuiPd6yW6wYz\" class=\"wpcf7-form-control wpcf7-recaptcha g-recaptcha\"><\/span>\r\n<noscript>\r\n\t<div class=\"grecaptcha-noscript\">\r\n\t\t<iframe loading=\"lazy\" src=\"https:\/\/www.google.com\/recaptcha\/api\/fallback?k=6Lemu4MqAAAAAHllkd8shSRl5NRCDuiPd6yW6wYz\" frameborder=\"0\" scrolling=\"no\" width=\"310\" height=\"430\">\r\n\t\t<\/iframe>\r\n\t\t<textarea name=\"g-recaptcha-response\" rows=\"3\" cols=\"40\" placeholder=\"reCaptcha Response Here\">\r\n\t\t<\/textarea>\r\n\t<\/div>\r\n<\/noscript>\r\n<\/span>\n<div class=\"row\">\n\t<div class=\"col-md-6 mb-3\">\n\t\t<p><a class=\"return-back-btn\" href=\"\/sr\/prijavite-se-onlajn\/\">Vrati se nazad<\/a>\n\t\t<\/p>\n\t<\/div>\n\t<div class=\"col-md-6\">\n\t\t<p><input class=\"wpcf7-form-control wpcf7-submit has-spinner\" id=\"submit\" type=\"submit\" value=\"Po\u0161alji aplikaciju\" \/>\n\t\t<\/p>\n\t<\/div>\n<\/div><p style=\"display: none !important;\" class=\"akismet-fields-container\" data-prefix=\"_wpcf7_ak_\"><label>&#916;<textarea name=\"_wpcf7_ak_hp_textarea\" cols=\"45\" rows=\"8\" maxlength=\"100\"><\/textarea><\/label><input type=\"hidden\" id=\"ak_js_1\" name=\"_wpcf7_ak_js\" value=\"58\"\/><script>document.getElementById( \"ak_js_1\" ).setAttribute( \"value\", ( new Date() ).getTime() );<\/script><\/p><div class=\"wpcf7-response-output\" aria-hidden=\"true\"><\/div>\n<\/form>\n<\/div>\n<\/div>\n<\/div>\n","protected":false},"excerpt":{"rendered":"","protected":false},"author":1,"featured_media":0,"parent":4980,"menu_order":0,"comment_status":"closed","ping_status":"closed","template":"","meta":{"_acf_changed":false,"footnotes":""},"class_list":["post-4986","page","type-page","status-publish","hentry"],"acf":[],"_links":{"self":[{"href":"https:\/\/test.bekonomike.com\/sr\/wp-json\/wp\/v2\/pages\/4986","targetHints":{"allow":["GET"]}}],"collection":[{"href":"https:\/\/test.bekonomike.com\/sr\/wp-json\/wp\/v2\/pages"}],"about":[{"href":"https:\/\/test.bekonomike.com\/sr\/wp-json\/wp\/v2\/types\/page"}],"author":[{"embeddable":true,"href":"https:\/\/test.bekonomike.com\/sr\/wp-json\/wp\/v2\/users\/1"}],"replies":[{"embeddable":true,"href":"https:\/\/test.bekonomike.com\/sr\/wp-json\/wp\/v2\/comments?post=4986"}],"version-history":[{"count":2,"href":"https:\/\/test.bekonomike.com\/sr\/wp-json\/wp\/v2\/pages\/4986\/revisions"}],"predecessor-version":[{"id":5516,"href":"https:\/\/test.bekonomike.com\/sr\/wp-json\/wp\/v2\/pages\/4986\/revisions\/5516"}],"up":[{"embeddable":true,"href":"https:\/\/test.bekonomike.com\/sr\/wp-json\/wp\/v2\/pages\/4980"}],"wp:attachment":[{"href":"https:\/\/test.bekonomike.com\/sr\/wp-json\/wp\/v2\/media?parent=4986"}],"curies":[{"name":"wp","href":"https:\/\/api.w.org\/{rel}","templated":true}]}}