{"id":5038,"date":"2025-03-10T10:29:15","date_gmt":"2025-03-10T10:29:15","guid":{"rendered":""},"modified":"2025-05-06T08:33:36","modified_gmt":"2025-05-06T08:33:36","slug":"kredit","status":"publish","type":"page","link":"https:\/\/test.bekonomike.com\/sr\/prijavite-se-onlajn\/individualni-klijent\/kredit\/","title":{"rendered":"Kredit"},"content":{"rendered":"<div class=\"big-container\">\n<div class=\"contact-form\">\n<div class=\"wpcf7 no-js\" id=\"wpcf7-f4918-o1\" lang=\"sr-RS\" dir=\"ltr\" data-wpcf7-id=\"4918\">\n<div class=\"screen-reader-response\"><p role=\"status\" aria-live=\"polite\" aria-atomic=\"true\"><\/p> <ul><\/ul><\/div>\n<form action=\"\/sr\/wp-json\/wp\/v2\/pages\/5038#wpcf7-f4918-o1\" method=\"post\" class=\"wpcf7-form init cf7mls-no-scroll cf7mls-auto-return-first-step cf7mls-no-moving-animation\" aria-label=\"Contact form\" novalidate=\"novalidate\" data-status=\"init\">\n<fieldset class=\"hidden-fields-container\"><input type=\"hidden\" name=\"_wpcf7\" value=\"4918\" \/><input type=\"hidden\" name=\"_wpcf7_version\" value=\"6.1.5\" \/><input type=\"hidden\" name=\"_wpcf7_locale\" value=\"sr_RS\" \/><input type=\"hidden\" name=\"_wpcf7_unit_tag\" value=\"wpcf7-f4918-o1\" \/><input type=\"hidden\" name=\"_wpcf7_container_post\" value=\"0\" \/><input type=\"hidden\" name=\"_wpcf7_posted_data_hash\" value=\"\" \/><input type=\"hidden\" name=\"_wpcf7_recaptcha_response\" value=\"\" \/>\n<\/fieldset>\n<h5 style=\"padding-bottom:15px;\">Kredit\n<\/h5>\n<div class=\"input\">\n\t<p><span class=\"wpcf7-form-control-wrap\" data-name=\"select-629\"><select class=\"wpcf7-form-control wpcf7-select wpcf7-validates-as-required select-dynamic\" aria-required=\"true\" aria-invalid=\"false\" name=\"select-629\"><option value=\"\" disabled selected>Prijavite se za kredit<\/option><option value=\"Privatni kredit\">Privatni kredit<\/option><option value=\"Kredit za renoviranje\">Kredit za renoviranje<\/option><option value=\"Lizing\">Lizing<\/option><option value=\"Hipotekarni kredit\">Hipotekarni kredit<\/option><\/select><\/span>\n\t<\/p>\n<\/div>\n<div class=\"input\">\n\t<p><span class=\"wpcf7-form-control-wrap\" data-name=\"select-770\"><select class=\"wpcf7-form-control wpcf7-select wpcf7-validates-as-required select-dynamic\" aria-required=\"true\" aria-invalid=\"false\" name=\"select-770\"><option value=\"\" disabled selected>Da li ste klijent Banke Ekonomike?<\/option><option value=\"DA\">DA<\/option><option value=\"NE\">NE<\/option><\/select><\/span>\n\t<\/p>\n<\/div>\n<div class=\"input\">\n\t<p><span class=\"wpcf7-form-control-wrap\" data-name=\"your-fullname\"><input size=\"40\" maxlength=\"400\" class=\"wpcf7-form-control wpcf7-text wpcf7-validates-as-required\" aria-required=\"true\" aria-invalid=\"false\" placeholder=\"Ime\" value=\"\" type=\"text\" name=\"your-fullname\" \/><\/span>\n\t<\/p>\n<\/div>\n<div class=\"input\">\n\t<p><span class=\"wpcf7-form-control-wrap\" data-name=\"mbiemri\"><input size=\"40\" maxlength=\"400\" class=\"wpcf7-form-control wpcf7-text wpcf7-validates-as-required\" aria-required=\"true\" aria-invalid=\"false\" placeholder=\"Prezime\" value=\"\" type=\"text\" name=\"mbiemri\" \/><\/span>\n\t<\/p>\n<\/div>\n<div class=\"input\">\n\t<p><span class=\"wpcf7-form-control-wrap\" data-name=\"number-503\"><input class=\"wpcf7-form-control wpcf7-number wpcf7-validates-as-required wpcf7-validates-as-number\" min=\"0\" aria-required=\"true\" aria-invalid=\"false\" placeholder=\"Broj li\u010dne karte\" value=\"\" type=\"number\" name=\"number-503\" \/><\/span>\n\t<\/p>\n<\/div>\n<div class=\"input\">\n\t<div class=\"custom-file\">\n\t\t<div class=\"custom-text d-none\">\n\t\t\t<p>Prilo\u017eite va\u017ee\u0107u li\u010dnu kartu\n\t\t\t<\/p>\n\t\t<\/div>\n\t\t<p><span class=\"wpcf7-form-control-wrap\" data-name=\"mfile-301\"><input size=\"40\" class=\"wpcf7-form-control wpcf7-drag-n-drop-file d-none\" aria-required=\"true\" aria-invalid=\"false\" type=\"file\" multiple=\"multiple\" data-name=\"mfile-301\" data-id=\"4918\" data-version=\"free version 1.3.9.6\" accept=\".\" \/><\/span>\n\t\t<\/p>\n\t<\/div>\n<\/div>\n<div class=\"input tss\">\n\t<div class=\"zk14-wrapper\">\n\t\t<div class=\"zk14-btn\">\n\t\t\t<p>XK05\n\t\t\t<\/p>\n\t\t<\/div>\n\t\t<div class=\"zk14-input\">\n\t\t\t<p><span class=\"wpcf7-form-control-wrap\" data-name=\"nr-llogarie\"><input class=\"wpcf7-form-control wpcf7-number wpcf7-validates-as-required wpcf7-validates-as-number\" min=\"0\" aria-required=\"true\" aria-invalid=\"false\" placeholder=\"Broj ra\u010duna\" value=\"\" type=\"number\" name=\"nr-llogarie\" \/><\/span>\n\t\t\t<\/p>\n\t\t<\/div>\n\t<\/div>\n<\/div>\n<div class=\"input\">\n\t<p><span class=\"wpcf7-form-control-wrap\" data-name=\"telephone\"><input size=\"40\" maxlength=\"400\" class=\"wpcf7-form-control wpcf7-tel wpcf7-validates-as-required wpcf7-text wpcf7-validates-as-tel tel-only\" aria-required=\"true\" aria-invalid=\"false\" placeholder=\"Broj telefona\" value=\"\" type=\"tel\" name=\"telephone\" \/><\/span>\n\t<\/p>\n<\/div>\n<div class=\"input\">\n\t<p><span class=\"wpcf7-form-control-wrap\" data-name=\"shum-kredie\"><input class=\"wpcf7-form-control wpcf7-number wpcf7-validates-as-required wpcf7-validates-as-number num-only\" min=\"1\" aria-required=\"true\" aria-invalid=\"false\" placeholder=\"Iznos kredita (\u20ac)\" value=\"\" type=\"number\" name=\"shum-kredie\" \/><\/span>\n\t<\/p>\n<\/div>\n<div class=\"input\">\n\t<p><span class=\"wpcf7-form-control-wrap\" data-name=\"select-22999\"><select class=\"wpcf7-form-control wpcf7-select wpcf7-validates-as-required select-dynamic\" aria-required=\"true\" aria-invalid=\"false\" name=\"select-22999\"><option value=\"\" disabled selected>Period otplate<\/option><option value=\"12 meseci\">12 meseci<\/option><option value=\"24 meseca\">24 meseca<\/option><option value=\"36 meseci\">36 meseci<\/option><option value=\"48 meseci\">48 meseci<\/option><option value=\"60 meseci\">60 meseci<\/option><option value=\"120 meseci\">120 meseci<\/option><\/select><\/span>\n\t<\/p>\n<\/div>\n<div class=\"input\">\n\t<p><span class=\"wpcf7-form-control-wrap\" data-name=\"select-3290\"><select class=\"wpcf7-form-control wpcf7-select wpcf7-validates-as-required select-dynamic\" aria-required=\"true\" aria-invalid=\"false\" name=\"select-3290\"><option value=\"\" disabled selected>Da li ste zaposleni?<\/option><option value=\"DA\">DA<\/option><option value=\"NE\">NE<\/option><option value=\"NE(drugi oblici prihoda)\">NE(drugi oblici prihoda)<\/option><\/select><\/span>\n\t<\/p>\n<\/div>\n<p>[group po-selected]\n<\/p>\n<div class=\"input\">\n\t<p><span class=\"wpcf7-form-control-wrap\" data-name=\"select-9890\"><select class=\"wpcf7-form-control wpcf7-select wpcf7-validates-as-required select-dynamic\" aria-required=\"true\" aria-invalid=\"false\" name=\"select-9890\"><option value=\"\" disabled selected>Sektori<\/option><option value=\"Privatni sektor\">Privatni sektor<\/option><option value=\"Javni sektor\">Javni sektor<\/option><\/select><\/span>\n\t<\/p>\n<\/div>\n<div class=\"input\">\n\t<p><span class=\"wpcf7-form-control-wrap\" data-name=\"paga\"><input class=\"wpcf7-form-control wpcf7-number wpcf7-validates-as-required wpcf7-validates-as-number num-only\" min=\"1\" aria-required=\"true\" aria-invalid=\"false\" placeholder=\"Plata\" value=\"\" type=\"number\" name=\"paga\" \/><\/span>\n\t<\/p>\n<\/div>\n<div class=\"input\">\n\t<div class=\"custom-file\">\n\t\t<div class=\"custom-text d-none\">\n\t\t\t<p>Prilo\u017eite potvrdu o zaposlenju\n\t\t\t<\/p>\n\t\t<\/div>\n\t\t<p><span class=\"wpcf7-form-control-wrap\" data-name=\"mfile-122\"><input size=\"40\" class=\"wpcf7-form-control wpcf7-drag-n-drop-file d-none\" aria-required=\"true\" aria-invalid=\"false\" type=\"file\" multiple=\"multiple\" data-name=\"mfile-122\" data-id=\"4918\" data-version=\"free version 1.3.9.6\" accept=\".\" \/><\/span>\n\t\t<\/p>\n\t<\/div>\n\t<p><span class=\"input-label1\">*Prilo\u017eite ugovor o radu<\/span>\n\t<\/p>\n<\/div>\n<div class=\"input\">\n\t<div class=\"custom-file\">\n\t\t<div class=\"custom-text d-none\">\n\t\t\t<p>Prilo\u017eite izvod sa bankovnog ra\u010duna\n\t\t\t<\/p>\n\t\t<\/div>\n\t\t<p><span class=\"wpcf7-form-control-wrap\" data-name=\"mfile-441\"><input size=\"40\" class=\"wpcf7-form-control wpcf7-drag-n-drop-file d-none\" aria-required=\"true\" aria-invalid=\"false\" type=\"file\" multiple=\"multiple\" data-name=\"mfile-441\" data-id=\"4918\" data-version=\"free version 1.3.9.6\" accept=\".\" \/><\/span>\n\t\t<\/p>\n\t<\/div>\n\t<p><span class=\"input-label1\">*Prilo\u017eite izvod sa bankovnog ra\u010duna (mese\u010dna plata)<\/span>\n\t<\/p>\n<\/div>\n<p>[\/group]\n<\/p>\n<p>[group jo-selected]\n<\/p>\n<div class=\"input\">\n\t<div class=\"custom-file\">\n\t\t<div class=\"custom-text d-none\">\n\t\t\t<p>Otpremite prate\u0107i dokument\n\t\t\t<\/p>\n\t\t<\/div>\n\t\t<p><span class=\"wpcf7-form-control-wrap\" data-name=\"mfile-4411\"><input size=\"40\" class=\"wpcf7-form-control wpcf7-drag-n-drop-file d-none\" aria-required=\"true\" aria-invalid=\"false\" type=\"file\" multiple=\"multiple\" data-name=\"mfile-4411\" data-id=\"4918\" data-version=\"free version 1.3.9.6\" accept=\".\" \/><\/span>\n\t\t<\/p>\n\t<\/div>\n\t<p><span class=\"input-label1\">*Prilo\u017eite prate\u0107i dokument<\/span>\n\t<\/p>\n<\/div>\n<p>[\/group]\n<\/p>\n<div class=\"input\">\n\t<p><span class=\"wpcf7-form-control-wrap\" data-name=\"select-dega\"><select class=\"wpcf7-form-control wpcf7-select wpcf7-validates-as-required select-dynamic\" aria-required=\"true\" aria-invalid=\"false\" name=\"select-dega\"><option value=\"\" disabled selected>Filijala u kojoj \u017eelite da primite tra\u017eeni proizvod\/uslugu<\/option><option value=\"Filijala \u0110akovica\">Filijala \u0110akovica<\/option><option value=\"Filijala Gnjilane\">Filijala Gnjilane<\/option><option value=\"Filijala Mitrovica\">Filijala Mitrovica<\/option><option value=\"Filijala Pe\u0107\">Filijala Pe\u0107<\/option><option value=\"Filijala Pri\u0161tina\">Filijala Pri\u0161tina<\/option><option value=\"Filijala Prizren\">Filijala Prizren<\/option><option value=\"Ekspozitura Pri\u0161tina Mall\">Ekspozitura Pri\u0161tina Mall<\/option><option value=\"Ekspozitura De\u010dane\">Ekspozitura De\u010dane<\/option><option value=\"Ekspozitura Drenas\">Ekspozitura Drenas<\/option><option value=\"Ekspozitura Kosovo Polje\">Ekspozitura Kosovo Polje<\/option><option value=\"Ekspozitura Gnjilane\">Ekspozitura Gnjilane<\/option><option value=\"Ekspozitura Hajvalija\">Ekspozitura Hajvalija<\/option><option value=\"Ekspozitura Istok\">Ekspozitura Istok<\/option><option value=\"Ekspozitura Junik\">Ekspozitura Junik<\/option><option value=\"Ekspozitura Ka\u010danik\">Ekspozitura Ka\u010danik<\/option><option value=\"Ekspozitura Kamenica\">Ekspozitura Kamenica<\/option><option value=\"Ekspozitura Obili\u0107\">Ekspozitura Obili\u0107<\/option><option value=\"Ekspozitura Klina\">Ekspozitura Klina<\/option><option value=\"Ekspozitura Lipljan\">Ekspozitura Lipljan<\/option><option value=\"Ekspozitura Mali\u0161evo\">Ekspozitura Mali\u0161evo<\/option><option value=\"Ekspozitura Majka Tereza\">Ekspozitura Majka Tereza<\/option><option value=\"Ekspozitura Pejton\">Ekspozitura Pejton<\/option><option value=\"Ekspozitura Podujevo\">Ekspozitura Podujevo<\/option><option value=\"Ekspozitura Prizren\">Ekspozitura Prizren<\/option><option value=\"Ekspozitura Orahovac\">Ekspozitura Orahovac<\/option><option value=\"Ekspozitura Rruga B\">Ekspozitura Rruga B<\/option><option value=\"Ekspozitura Skenderaj\">Ekspozitura Skenderaj<\/option><option value=\"Ekspozitura Suva Reka\">Ekspozitura Suva Reka<\/option><option value=\"Ekspozitura Ulpijana\">Ekspozitura Ulpijana<\/option><option value=\"Ekspozitura Vitina\">Ekspozitura Vitina<\/option><option value=\"Ekspozitura Vu\u010ditrn\">Ekspozitura Vu\u010ditrn<\/option><option value=\"Ekspozitura Severna Mitrovica\">Ekspozitura Severna Mitrovica<\/option><option value=\"Ekspozitura Leposavi\u0107\">Ekspozitura Leposavi\u0107<\/option><\/select><\/span>\n\t<\/p>\n<\/div>\n<div class=\"input\">\n\t<h5 class=\"title\" style=\"padding-bottom:15px; padding-top:30px;\">Saglasnost za pristup Registru kredita Kosova (RKK)\n\t<\/h5>\n<\/div>\n<div class=\"input\">\n\t<p><span class=\"wpcf7-form-control-wrap\" data-name=\"acceptance-4461\"><span class=\"wpcf7-form-control wpcf7-acceptance\"><span class=\"wpcf7-list-item\"><label><input type=\"checkbox\" name=\"acceptance-4461\" value=\"1\" aria-invalid=\"false\" \/><span class=\"wpcf7-list-item-label\">U skladu sa Zakonom o za\u0161titi li\u010dnih podataka i \u010dlanom 7.2 Uredbe CBK o Registru kredita, ja, sa li\u010dnim brojem, u svojstvu subjekta podataka dajem saglasnost kojom izjavljujem da, u svrhu obrade i procene moje aplikacije za odobravanje kredita, ovla\u0161\u0107ujem Banku Ekonomike Sh.A. da obra\u0111uje i koristi moje li\u010dne podatke, kao i da ima pristup mojim kreditnim izve\u0161tajima u Registru kredita Kosova, u cilju obrade i pripreme eventualnog kredita od strane Banke Ekonomike Sh.A. Tako\u0111e se sla\u017eem da, dok imam obaveze prema Banci, Banka mo\u017ee imati pristup Kreditnim izve\u0161tajima iz Registra kredita Kosova. Ovu saglasnost dajem na osnovu svoje slobodne volje i obostranog interesa i ne\u0107u je osporiti ni po kom pravnom ili \u010dinjeni\u010dnom osnovu, dok svojim potpisom potvr\u0111ujem svoju izra\u017eenu volju datu ovom saglasno\u0161\u0107u. Svestan\/svesna sam da davanje ove saglasnosti ne prejudicira pozitivan odgovor ili odobrenje moje aplikacije za dobijanje kredita.<\/span><\/label><\/span><\/span><\/span>\n\t<\/p>\n<\/div>\n<div class=\"input\">\n\t<p><span class=\"wpcf7-form-control-wrap\" data-name=\"acceptance-446\"><span class=\"wpcf7-form-control wpcf7-acceptance\"><span class=\"wpcf7-list-item\"><label><input type=\"checkbox\" name=\"acceptance-446\" value=\"1\" aria-invalid=\"false\" \/><span class=\"wpcf7-list-item-label\">Razumete i prihvatate da \u0107e va\u0161a aplikacija putem ove forme biti podvrgnuta analizi i proceni od strane Banke i da ni u kom slu\u010daju ne podrazumeva automatsko odobrenje va\u0161e aplikacije.<\/span><\/label><\/span><\/span><\/span>\n\t<\/p>\n<\/div>\n<div class=\"input\">\n\t<p><span class=\"wpcf7-form-control-wrap\" data-name=\"acceptance-826\"><span class=\"wpcf7-form-control wpcf7-acceptance\"><span class=\"wpcf7-list-item\"><label><input type=\"checkbox\" name=\"acceptance-826\" value=\"1\" aria-invalid=\"false\" \/><span class=\"wpcf7-list-item-label\">Banka zadr\u017eava pravo da (i) zatra\u017ei dodatne informacije od vas; (ii) vrati aplikaciju na dopunu ukoliko va\u0161a aplikacija nije potpuna; ili (iii) odbije va\u0161u aplikaciju ukoliko ne ispunjava kriterijume Banke. U slu\u010daju da je va\u0161a aplikacija potpuna i odobrena od strane Banke, tada \u0107e vas Banka pozvati u svoje filijale radi potpisivanja ugovora i odgovaraju\u0107e dokumentacije.<\/span><\/label><\/span><\/span><\/span>\n\t<\/p>\n<\/div>\n<div class=\"input\">\n\t<p><span class=\"wpcf7-form-control-wrap\" data-name=\"acceptance-219\"><span class=\"wpcf7-form-control wpcf7-acceptance\"><span class=\"wpcf7-list-item\"><label><input type=\"checkbox\" name=\"acceptance-219\" value=\"1\" aria-invalid=\"false\" \/><span class=\"wpcf7-list-item-label\">Ako se ne pojavite u filijali Banke radi potpisivanja ugovora i odgovaraju\u0107e dokumentacije u roku od trideset (30) dana od datuma poziva od strane Banke, tada \u0107e Banka smatrati da ste povukli svoju aplikaciju. U takvim slu\u010dajevima, svaka naredna aplikacija \u0107e se smatrati novom aplikacijom, bez uslovljavanja odlukom prethodne aplikacije.<\/span><\/label><\/span><\/span><\/span>\n\t<\/p>\n<\/div>\n<span class=\"wpcf7-form-control-wrap recaptcha\" data-name=\"recaptcha\"><span data-sitekey=\"6Lemu4MqAAAAAHllkd8shSRl5NRCDuiPd6yW6wYz\" class=\"wpcf7-form-control wpcf7-recaptcha g-recaptcha\"><\/span>\r\n<noscript>\r\n\t<div class=\"grecaptcha-noscript\">\r\n\t\t<iframe loading=\"lazy\" src=\"https:\/\/www.google.com\/recaptcha\/api\/fallback?k=6Lemu4MqAAAAAHllkd8shSRl5NRCDuiPd6yW6wYz\" frameborder=\"0\" scrolling=\"no\" width=\"310\" height=\"430\">\r\n\t\t<\/iframe>\r\n\t\t<textarea name=\"g-recaptcha-response\" rows=\"3\" cols=\"40\" placeholder=\"reCaptcha Response Here\">\r\n\t\t<\/textarea>\r\n\t<\/div>\r\n<\/noscript>\r\n<\/span>\n<div class=\"row\">\n\t<div class=\"col-md-6\">\n\t\t<p><a class=\"return-back-btn\" href=\"\/sr\/prijavite-se-onlajn\/\">Vrati se nazad<\/a>\n\t\t<\/p>\n\t<\/div>\n\t<div class=\"col-md-6\">\n\t\t<p><input class=\"wpcf7-form-control wpcf7-submit has-spinner\" id=\"submit\" type=\"submit\" value=\"Po\u0161alji aplikaciju\" \/>\n\t\t<\/p>\n\t<\/div>\n<\/div>\n<!-- Popup  -->\n<div id=\"popup-kredi\" class=\"popup-overlay\" style=\"display:none;\">\n\t<div class=\"popup-content\">\n\t\t<p>Ako izaberete opciju NE ne mo\u017eete nastaviti sa popunjavanjem forme\n\t\t<\/p>\n\t\t<p><button class=\"popup-closeee\" data-popup=\"popup-kredi\">Zatvori<\/button>\n\t\t<\/p>\n\t<\/div>\n<\/div><p style=\"display: none !important;\" class=\"akismet-fields-container\" data-prefix=\"_wpcf7_ak_\"><label>&#916;<textarea name=\"_wpcf7_ak_hp_textarea\" cols=\"45\" rows=\"8\" maxlength=\"100\"><\/textarea><\/label><input type=\"hidden\" id=\"ak_js_1\" name=\"_wpcf7_ak_js\" value=\"114\"\/><script>document.getElementById( \"ak_js_1\" ).setAttribute( \"value\", ( new Date() ).getTime() );<\/script><\/p><div class=\"wpcf7-response-output\" aria-hidden=\"true\"><\/div>\n<\/form>\n<\/div>\n<\/div>\n<\/div>\n","protected":false},"excerpt":{"rendered":"","protected":false},"author":1,"featured_media":0,"parent":4980,"menu_order":0,"comment_status":"closed","ping_status":"closed","template":"","meta":{"_acf_changed":false,"footnotes":""},"class_list":["post-5038","page","type-page","status-publish","hentry"],"acf":[],"_links":{"self":[{"href":"https:\/\/test.bekonomike.com\/sr\/wp-json\/wp\/v2\/pages\/5038","targetHints":{"allow":["GET"]}}],"collection":[{"href":"https:\/\/test.bekonomike.com\/sr\/wp-json\/wp\/v2\/pages"}],"about":[{"href":"https:\/\/test.bekonomike.com\/sr\/wp-json\/wp\/v2\/types\/page"}],"author":[{"embeddable":true,"href":"https:\/\/test.bekonomike.com\/sr\/wp-json\/wp\/v2\/users\/1"}],"replies":[{"embeddable":true,"href":"https:\/\/test.bekonomike.com\/sr\/wp-json\/wp\/v2\/comments?post=5038"}],"version-history":[{"count":3,"href":"https:\/\/test.bekonomike.com\/sr\/wp-json\/wp\/v2\/pages\/5038\/revisions"}],"predecessor-version":[{"id":6100,"href":"https:\/\/test.bekonomike.com\/sr\/wp-json\/wp\/v2\/pages\/5038\/revisions\/6100"}],"up":[{"embeddable":true,"href":"https:\/\/test.bekonomike.com\/sr\/wp-json\/wp\/v2\/pages\/4980"}],"wp:attachment":[{"href":"https:\/\/test.bekonomike.com\/sr\/wp-json\/wp\/v2\/media?parent=5038"}],"curies":[{"name":"wp","href":"https:\/\/api.w.org\/{rel}","templated":true}]}}