{"id":8491,"date":"2025-10-07T14:49:24","date_gmt":"2025-10-07T14:49:24","guid":{"rendered":"https:\/\/test.bekonomike.com\/?page_id=8491"},"modified":"2025-10-07T14:58:24","modified_gmt":"2025-10-07T14:58:24","slug":"mala-i-srednja-preduzeca","status":"publish","type":"page","link":"https:\/\/test.bekonomike.com\/sr\/biznisi\/mala-i-srednja-preduzeca\/","title":{"rendered":"Mala i srednja preduzec\u0301a"},"content":{"rendered":"<p>Banka Ekonomike vam nudi podr\u0161ku za razne bankarske proizvode i usluge namenjene svakom malom i srednjem preduzec\u0301u, dostupne svima koji se odlu\u010de za saradnju sa nama.<\/p>\n<p>Bez obzira na svrhu ulaganja u va\u0161e poslovanje, na\u0161a banka je uvek va\u0161 potencijalni partner za kontinuirani razvoj i uspeh.<\/p>\n<p>Ovi kreditni proizvodi su namenjeni da zadovolje va\u0161e potrebe i podeljeni su na proizvode za preduzec\u0301a i agrobiznis. Namena ovih proizvoda se odre\u0111uje u zavisnosti od proizvoda ili usluge koju ste izabrali, a isti proizvod je naveden u posebnim kreditnim ugovorima za svaki proizvod.<\/p>\n","protected":false},"excerpt":{"rendered":"<p>Banka Ekonomike vam nudi podr\u0161ku za razne bankarske proizvode i usluge namenjene svakom malom i srednjem preduzec\u0301u, dostupne svima koji se odlu\u010de za saradnju sa nama. Bez obzira na svrhu ulaganja u va\u0161e poslovanje, na\u0161a banka je uvek va\u0161 potencijalni partner za kontinuirani razvoj i uspeh. Ovi kreditni proizvodi su namenjeni da zadovolje va\u0161e potrebe [&hellip;]<\/p>\n","protected":false},"author":1,"featured_media":6665,"parent":3613,"menu_order":0,"comment_status":"closed","ping_status":"closed","template":"content-template.php","meta":{"_acf_changed":false,"footnotes":""},"class_list":["post-8491","page","type-page","status-publish","has-post-thumbnail","hentry"],"acf":[],"_links":{"self":[{"href":"https:\/\/test.bekonomike.com\/sr\/wp-json\/wp\/v2\/pages\/8491","targetHints":{"allow":["GET"]}}],"collection":[{"href":"https:\/\/test.bekonomike.com\/sr\/wp-json\/wp\/v2\/pages"}],"about":[{"href":"https:\/\/test.bekonomike.com\/sr\/wp-json\/wp\/v2\/types\/page"}],"author":[{"embeddable":true,"href":"https:\/\/test.bekonomike.com\/sr\/wp-json\/wp\/v2\/users\/1"}],"replies":[{"embeddable":true,"href":"https:\/\/test.bekonomike.com\/sr\/wp-json\/wp\/v2\/comments?post=8491"}],"version-history":[{"count":3,"href":"https:\/\/test.bekonomike.com\/sr\/wp-json\/wp\/v2\/pages\/8491\/revisions"}],"predecessor-version":[{"id":8510,"href":"https:\/\/test.bekonomike.com\/sr\/wp-json\/wp\/v2\/pages\/8491\/revisions\/8510"}],"up":[{"embeddable":true,"href":"https:\/\/test.bekonomike.com\/sr\/wp-json\/wp\/v2\/pages\/3613"}],"wp:featuredmedia":[{"embeddable":true,"href":"https:\/\/test.bekonomike.com\/sr\/wp-json\/wp\/v2\/media\/6665"}],"wp:attachment":[{"href":"https:\/\/test.bekonomike.com\/sr\/wp-json\/wp\/v2\/media?parent=8491"}],"curies":[{"name":"wp","href":"https:\/\/api.w.org\/{rel}","templated":true}]}}